{"id":7317,"date":"2022-11-04T20:12:44","date_gmt":"2022-11-04T20:12:44","guid":{"rendered":"https:\/\/rslegal.es\/?page_id=7317"},"modified":"2025-10-25T16:24:59","modified_gmt":"2025-10-25T16:24:59","slug":"firma","status":"publish","type":"page","link":"https:\/\/rs-gm.es\/en\/firma\/","title":{"rendered":"The firm"},"content":{"rendered":"<div data-elementor-type=\"wp-page\" data-elementor-id=\"7317\" class=\"elementor elementor-7317\" data-elementor-post-type=\"page\">\n\t\t\t\t\t\t<section class=\"elementor-section elementor-top-section elementor-element elementor-element-88d4a42 elementor-section-height-min-height animated-slow elementor-section-boxed elementor-section-height-default elementor-section-items-middle\" data-id=\"88d4a42\" data-element_type=\"section\" data-settings=\"{&quot;background_background&quot;:&quot;classic&quot;,&quot;animation&quot;:&quot;none&quot;}\">\n\t\t\t\t\t\t\t<div class=\"elementor-background-overlay\"><\/div>\n\t\t\t\t\t\t\t<div class=\"elementor-container elementor-column-gap-no\">\n\t\t\t\t\t<div class=\"elementor-column elementor-col-100 elementor-top-column elementor-element elementor-element-86d0481\" data-id=\"86d0481\" data-element_type=\"column\">\n\t\t\t<div class=\"elementor-widget-wrap elementor-element-populated\">\n\t\t\t\t\t\t<div class=\"elementor-element elementor-element-2b21a24 elementor-invisible elementor-widget elementor-widget-theme-post-title elementor-page-title elementor-widget-heading\" data-id=\"2b21a24\" data-element_type=\"widget\" data-settings=\"{&quot;_animation&quot;:&quot;fadeIn&quot;,&quot;_animation_delay&quot;:0.3}\" data-widget_type=\"theme-post-title.default\">\n\t\t\t\t\t<h1 class=\"elementor-heading-title elementor-size-default\">The firm<\/h1>\t\t\t\t<\/div>\n\t\t\t\t\t<\/div>\n\t\t<\/div>\n\t\t\t\t\t<\/div>\n\t\t<\/section>\n\t\t\t\t<section class=\"elementor-section elementor-top-section elementor-element elementor-element-a0fea77 elementor-section-boxed elementor-section-height-default elementor-section-height-default\" data-id=\"a0fea77\" data-element_type=\"section\">\n\t\t\t\t\t\t<div class=\"elementor-container elementor-column-gap-default\">\n\t\t\t\t\t<div class=\"elementor-column elementor-col-100 elementor-top-column elementor-element elementor-element-f3ffe2c\" data-id=\"f3ffe2c\" data-element_type=\"column\">\n\t\t\t<div class=\"elementor-widget-wrap elementor-element-populated\">\n\t\t\t\t\t\t<div class=\"elementor-element elementor-element-38a9be6 elementor-widget elementor-widget-text-editor\" data-id=\"38a9be6\" data-element_type=\"widget\" data-widget_type=\"text-editor.default\">\n\t\t\t\t\t\t\t\t\t<p>RSGM Abogados was launched following many years of professional experience, during which time we learnt to apply certain basic principles essential to the practice of law:<\/p><ul><li>We offer highly-specialised professional expertise in order to resolve a wide array of corporate conflicts, as well as top-tier advice on pre-insolvency and insolvency issues.<\/li><li>We believe that the practise of law should go above and beyond providing standard advice to clients - we always go the extra mile.<\/li><li>Our partners and lawyers are always available to help you find solutions to highly conflictive situations as well as to accompany you with the typical issues inherent to your daily business.<\/li><li>We prioritise the pursuit of excellence and attention to detail in our practice of all aspects of corporate law, combined with a profoundly practical and scholarly approach to each matter.<\/li><\/ul>\t\t\t\t\t\t\t\t<\/div>\n\t\t\t\t\t<\/div>\n\t\t<\/div>\n\t\t\t\t\t<\/div>\n\t\t<\/section>\n\t\t\t\t<section class=\"elementor-section elementor-top-section elementor-element elementor-element-b9309c9 elementor-section-boxed elementor-section-height-default elementor-section-height-default\" data-id=\"b9309c9\" data-element_type=\"section\">\n\t\t\t\t\t\t<div class=\"elementor-container elementor-column-gap-default\">\n\t\t\t\t\t<div class=\"elementor-column elementor-col-100 elementor-top-column elementor-element elementor-element-e80e660\" data-id=\"e80e660\" data-element_type=\"column\">\n\t\t\t<div class=\"elementor-widget-wrap elementor-element-populated\">\n\t\t\t\t\t\t<div class=\"elementor-element elementor-element-7e8f148 elementor-widget elementor-widget-video\" data-id=\"7e8f148\" data-element_type=\"widget\" data-settings=\"{&quot;youtube_url&quot;:&quot;https:\\\/\\\/www.youtube.com\\\/watch?v=vwstNJEwf60&quot;,&quot;video_type&quot;:&quot;youtube&quot;,&quot;controls&quot;:&quot;yes&quot;}\" data-widget_type=\"video.default\">\n\t\t\t\t\t\t\t<div class=\"elementor-wrapper elementor-open-inline\">\n\t\t\t<div class=\"elementor-video\"><\/div>\t\t<\/div>\n\t\t\t\t\t\t<\/div>\n\t\t\t\t\t<\/div>\n\t\t<\/div>\n\t\t\t\t\t<\/div>\n\t\t<\/section>\n\t\t\t\t<section class=\"elementor-section elementor-top-section elementor-element elementor-element-fe37631 elementor-section-full_width elementor-section-height-min-height animated-slow elementor-hidden-desktop elementor-hidden-tablet elementor-hidden-mobile elementor-section-height-default elementor-section-items-middle\" data-id=\"fe37631\" data-element_type=\"section\" data-settings=\"{&quot;background_background&quot;:&quot;classic&quot;,&quot;animation&quot;:&quot;none&quot;}\">\n\t\t\t\t\t\t<div class=\"elementor-container elementor-column-gap-no\">\n\t\t\t\t\t<div class=\"elementor-column elementor-col-100 elementor-top-column elementor-element elementor-element-e59742c\" data-id=\"e59742c\" data-element_type=\"column\">\n\t\t\t<div class=\"elementor-widget-wrap\">\n\t\t\t\t\t\t\t<\/div>\n\t\t<\/div>\n\t\t\t\t\t<\/div>\n\t\t<\/section>\n\t\t\t\t<section class=\"elementor-section elementor-top-section elementor-element elementor-element-aa083e7 elementor-section-boxed elementor-section-height-default elementor-section-height-default\" data-id=\"aa083e7\" data-element_type=\"section\">\n\t\t\t\t\t\t<div class=\"elementor-container elementor-column-gap-default\">\n\t\t\t\t\t<div class=\"elementor-column elementor-col-100 elementor-top-column elementor-element elementor-element-6497060\" data-id=\"6497060\" data-element_type=\"column\">\n\t\t\t<div class=\"elementor-widget-wrap elementor-element-populated\">\n\t\t\t\t\t\t<div class=\"elementor-element elementor-element-cc95495 elementor-widget elementor-widget-heading\" data-id=\"cc95495\" data-element_type=\"widget\" data-widget_type=\"heading.default\">\n\t\t\t\t\t<h2 class=\"elementor-heading-title elementor-size-default\">Our ethos<\/h2>\t\t\t\t<\/div>\n\t\t\t\t<div class=\"elementor-element elementor-element-737ed67 elementor-widget elementor-widget-heading\" data-id=\"737ed67\" data-element_type=\"widget\" data-widget_type=\"heading.default\">\n\t\t\t\t\t<h3 class=\"elementor-heading-title elementor-size-default\">Commitment<\/h3>\t\t\t\t<\/div>\n\t\t\t\t<div class=\"elementor-element elementor-element-9ed2cb8 elementor-widget elementor-widget-text-editor\" data-id=\"9ed2cb8\" data-element_type=\"widget\" data-widget_type=\"text-editor.default\">\n\t\t\t\t\t\t\t\t\tOur professionals are fully committed to each and every matter entrusted to them by our clients. That is why reaching the desired outcome is a certainty rather than a possibility.\t\t\t\t\t\t\t\t<\/div>\n\t\t\t\t<div class=\"elementor-element elementor-element-dbc0fc5 elementor-widget elementor-widget-heading\" data-id=\"dbc0fc5\" data-element_type=\"widget\" data-widget_type=\"heading.default\">\n\t\t\t\t\t<h3 class=\"elementor-heading-title elementor-size-default\">Integrity<\/h3>\t\t\t\t<\/div>\n\t\t\t\t<div class=\"elementor-element elementor-element-4197c3a elementor-widget elementor-widget-text-editor\" data-id=\"4197c3a\" data-element_type=\"widget\" data-widget_type=\"text-editor.default\">\n\t\t\t\t\t\t\t\t\tBeing part of the solution itself, through a rigorous application of the practice of law and having the utmost respect for those who turn to us for legal advice is fundamentally important to all the members of our firm.\t\t\t\t\t\t\t\t<\/div>\n\t\t\t\t<div class=\"elementor-element elementor-element-0696f03 elementor-widget elementor-widget-heading\" data-id=\"0696f03\" data-element_type=\"widget\" data-widget_type=\"heading.default\">\n\t\t\t\t\t<h3 class=\"elementor-heading-title elementor-size-default\">Dedication<\/h3>\t\t\t\t<\/div>\n\t\t\t\t<div class=\"elementor-element elementor-element-95f6ab1 elementor-widget elementor-widget-text-editor\" data-id=\"95f6ab1\" data-element_type=\"widget\" data-widget_type=\"text-editor.default\">\n\t\t\t\t\t\t\t\t\t\nOur lawyers' dedication to reaching the solutions our clients are seeking is essential to our understanding of professional practice.\t\t\t\t\t\t\t\t<\/div>\n\t\t\t\t<div class=\"elementor-element elementor-element-0fca88d elementor-widget elementor-widget-heading\" data-id=\"0fca88d\" data-element_type=\"widget\" data-widget_type=\"heading.default\">\n\t\t\t\t\t<h3 class=\"elementor-heading-title elementor-size-default\">Proactive and forward thinking\n<\/h3>\t\t\t\t<\/div>\n\t\t\t\t<div class=\"elementor-element elementor-element-8515dd3 elementor-widget elementor-widget-text-editor\" data-id=\"8515dd3\" data-element_type=\"widget\" data-widget_type=\"text-editor.default\">\n\t\t\t\t\t\t\t\t\t<p>Simply waiting for events to unfold will never form part of a successful strategy. We are laser-focused on anticipating all the possible alternatives that will help us achieve our client's end goals.<\/p>\t\t\t\t\t\t\t\t<\/div>\n\t\t\t\t\t<\/div>\n\t\t<\/div>\n\t\t\t\t\t<\/div>\n\t\t<\/section>\n\t\t\t\t<\/div>","protected":false},"excerpt":{"rendered":"<p>RSGM Abogados nace tras a\u00f1os de pr\u00e1ctica profesional que nos recomiendan aplicar principios b\u00e1sicos esenciales sin los cuales no entendemos la abogac\u00eda: La b\u00fasqueda de la alta especializaci\u00f3n profesional en la soluci\u00f3n de conflictos empresariales y en situaciones de pre insolvencia e insolvencia. El entendimiento de la pr\u00e1ctica de la abogac\u00eda desde un punto de [&hellip;]<\/p>","protected":false},"author":1,"featured_media":7995,"parent":0,"menu_order":0,"comment_status":"closed","ping_status":"closed","template":"elementor_header_footer","meta":{"_acf_changed":false,"footnotes":""},"class_list":["post-7317","page","type-page","status-publish","has-post-thumbnail","hentry"],"acf":[],"_links":{"self":[{"href":"https:\/\/rs-gm.es\/en\/wp-json\/wp\/v2\/pages\/7317","targetHints":{"allow":["GET"]}}],"collection":[{"href":"https:\/\/rs-gm.es\/en\/wp-json\/wp\/v2\/pages"}],"about":[{"href":"https:\/\/rs-gm.es\/en\/wp-json\/wp\/v2\/types\/page"}],"author":[{"embeddable":true,"href":"https:\/\/rs-gm.es\/en\/wp-json\/wp\/v2\/users\/1"}],"replies":[{"embeddable":true,"href":"https:\/\/rs-gm.es\/en\/wp-json\/wp\/v2\/comments?post=7317"}],"version-history":[{"count":50,"href":"https:\/\/rs-gm.es\/en\/wp-json\/wp\/v2\/pages\/7317\/revisions"}],"predecessor-version":[{"id":8290,"href":"https:\/\/rs-gm.es\/en\/wp-json\/wp\/v2\/pages\/7317\/revisions\/8290"}],"wp:featuredmedia":[{"embeddable":true,"href":"https:\/\/rs-gm.es\/en\/wp-json\/wp\/v2\/media\/7995"}],"wp:attachment":[{"href":"https:\/\/rs-gm.es\/en\/wp-json\/wp\/v2\/media?parent=7317"}],"curies":[{"name":"wp","href":"https:\/\/api.w.org\/{rel}","templated":true}]}}