{"id":7330,"date":"2022-12-13T04:11:16","date_gmt":"2022-12-13T04:11:16","guid":{"rendered":"https:\/\/rslegal.es\/?page_id=7330"},"modified":"2023-01-10T05:37:23","modified_gmt":"2023-01-10T05:37:23","slug":"aviso-legal","status":"publish","type":"page","link":"https:\/\/rs-gm.es\/en\/aviso-legal\/","title":{"rendered":"Legal notice"},"content":{"rendered":"<p><strong>OBJETO<\/strong><\/p>\n\n\n\n<p>Las presentes Condiciones Generales regulan el uso (incluyendo el simple acceso) de las p\u00e1ginas integrantes de la web de RSGM Abogados (en adelante la Web), incluidos los contenidos y servicios de las mismas. Toda persona que acceda al mismo (\u201cUsuario\u201d) acepta someterse a las Condiciones Generales vigentes en cada momento en que acceda a la web.<br>RSGM Abogados se reserva el derecho de modificar, en cualquier momento y sin necesidad de previo aviso, dichas condiciones generales o cualesquiera particulares que se establezcan.<\/p>\n\n\n\n<p><strong>USO DE LA WEB<\/strong><\/p>\n\n\n\n<p>En la utilizaci\u00f3n de la Web, el Usuario se compromete a no llevar a cabo ninguna conducta que pudiera da\u00f1ar la imagen, los intereses y los derechos de su titular, o de terceros o que pudiera da\u00f1ar, inutilizar o sobrecargar la misma, o que impidiera, de cualquier forma, la normal utilizaci\u00f3n de la misma.<br>El titular de la web adopta medidas de seguridad razonablemente adecuadas para detectar la existencia de virus pero Internet no es enteramente fiable y, por tanto, no puede garantizar la inexistencia de virus u otros elementos que puedan producir alteraciones en los sistemas inform\u00e1ticos (software y hardware) del Usuario o en sus documentos electr\u00f3nicos y ficheros contenidos en los mismos.<\/p>\n\n\n\n<p><strong>CONTENIDOS<\/strong><\/p>\n\n\n\n<p>Los Contenidos se nutren tanto de fuentes propias como de terceros, procurando que sean de la mayor calidad posible y est\u00e9n razonablemente actualizados, pero no garantiza la utilidad, exactitud, exhaustividad, pertinencia y\/o actualidad de los Contenidos.<br>La inclusi\u00f3n de Contenidos en la Web no constituye en modo alguno la prestaci\u00f3n de un servicio de asesoramiento jur\u00eddico. El Usuario reconoce que, en la medida en que la aplicaci\u00f3n del Derecho a casos concretos no es autom\u00e1tica, sino que puede variar en funci\u00f3n de m\u00faltiples circunstancias la informaci\u00f3n recogida en los Contenidos es insuficiente para la toma de decisiones. Se desaconseja al Usuario la toma de decisiones sobre la base de la informaci\u00f3n recogida en los Contenidos.<\/p>\n\n\n\n<p><strong>DERECHOS DE PROPIEDAD INTELECTUAL E INDUSTRIAL<\/strong><\/p>\n\n\n\n<p>Mediante estas Condiciones Generales no se cede ning\u00fan derecho de propiedad intelectual o industrial sobre la Web ni sobre ninguno de sus elementos integrantes, quedando expresamente prohibidos al Usuario la reproducci\u00f3n, transformaci\u00f3n, distribuci\u00f3n, comunicaci\u00f3n p\u00fablica, puesta a disposici\u00f3n, extracci\u00f3n, reutilizaci\u00f3n, reenv\u00edo o la utilizaci\u00f3n de cualquiera de ellos, salvo en los casos en que est\u00e9 legalmente permitido o sea autorizado por el titular de los correspondientes derechos.<\/p>\n\n\n\n<p>El Usuario podr\u00e1 visualizar y obtener una copia privada temporal de los Contenidos para su exclusivo uso personal y privado en sus sistemas inform\u00e1ticos siempre que no sea con la finalidad de desarrollar actividades de car\u00e1cter comercial o profesional.<\/p>\n\n\n\n<p><strong>HIPERENLACES Y SITIOS ENLAZADOS<\/strong><\/p>\n\n\n\n<p>El Usuario y, en general, cualquiera que se proponga establecer un hiperenlace o dispositivo t\u00e9cnico de enlace (por ejemplo, links o botones) desde su sitio web al presente (el \u201cHiperenlace\u201d) deber\u00e1 obtener una autorizaci\u00f3n previa y por escrito de su titular, sin que ello suponga la aceptaci\u00f3n o aprobaci\u00f3n por parte nuestra de sus contenidos o servicios.<br>En todo caso, nos reservamos el derecho de prohibir o inutilizar en cualquier momento cualquier hiperenlace.<br>Esta web pone a disposici\u00f3n del Usuario hiperenlaces o dispositivos t\u00e9cnicos de enlace, pero no ofrece ni comercializa por s\u00ed ni por medio de terceros la informaci\u00f3n, contenidos y servicios disponibles en los Sitios Enlazados, ni aprueba, supervisa o controla en modo alguno los contenidos y servicios y cualquier material de cualquier naturaleza existente en los mismos, asumiendo el Usuario de manera exclusiva toda la responsabilidad de la navegaci\u00f3n a trav\u00e9s de los mismos.<\/p>","protected":false},"excerpt":{"rendered":"<p>OBJETO Las presentes Condiciones Generales regulan el uso (incluyendo el simple acceso) de las p\u00e1ginas integrantes de la web de RSGM Abogados (en adelante la Web), incluidos los contenidos y servicios de las mismas. Toda persona que acceda al mismo (\u201cUsuario\u201d) acepta someterse a las Condiciones Generales vigentes en cada momento en que acceda a [&hellip;]<\/p>","protected":false},"author":1,"featured_media":0,"parent":0,"menu_order":0,"comment_status":"closed","ping_status":"closed","template":"","meta":{"_acf_changed":false,"footnotes":""},"class_list":["post-7330","page","type-page","status-publish","hentry"],"acf":[],"_links":{"self":[{"href":"https:\/\/rs-gm.es\/en\/wp-json\/wp\/v2\/pages\/7330","targetHints":{"allow":["GET"]}}],"collection":[{"href":"https:\/\/rs-gm.es\/en\/wp-json\/wp\/v2\/pages"}],"about":[{"href":"https:\/\/rs-gm.es\/en\/wp-json\/wp\/v2\/types\/page"}],"author":[{"embeddable":true,"href":"https:\/\/rs-gm.es\/en\/wp-json\/wp\/v2\/users\/1"}],"replies":[{"embeddable":true,"href":"https:\/\/rs-gm.es\/en\/wp-json\/wp\/v2\/comments?post=7330"}],"version-history":[{"count":2,"href":"https:\/\/rs-gm.es\/en\/wp-json\/wp\/v2\/pages\/7330\/revisions"}],"predecessor-version":[{"id":7762,"href":"https:\/\/rs-gm.es\/en\/wp-json\/wp\/v2\/pages\/7330\/revisions\/7762"}],"wp:attachment":[{"href":"https:\/\/rs-gm.es\/en\/wp-json\/wp\/v2\/media?parent=7330"}],"curies":[{"name":"wp","href":"https:\/\/api.w.org\/{rel}","templated":true}]}}