{"id":8167,"date":"2025-10-23T15:36:26","date_gmt":"2025-10-23T15:36:26","guid":{"rendered":"https:\/\/rs-gm.es\/?page_id=8167"},"modified":"2025-10-25T16:15:44","modified_gmt":"2025-10-25T16:15:44","slug":"derecho-de-insolvencia","status":"publish","type":"page","link":"https:\/\/rs-gm.es\/en\/derecho-de-insolvencia\/","title":{"rendered":"Insolvency law"},"content":{"rendered":"<p>Our specialist knowledge of Insolvency Law means we can accompany our clients in all aspects of this branch of law:<\/p>\n\n\n\n<p>Advisory services in the preparation and formulation of restructuring plans.<\/p>\n\n\n\n<p>Advisory services for creditors in relation to restructuring plans.<\/p>\n\n\n\n<p>Advisory services on the transfer and acquisition of business units at any stage of insolvency and pre-insolvency proceedings.<\/p>\n\n\n\n<p>Protection of creditors' rights.<\/p>\n\n\n\n<p>Studies of business viability.<\/p>\n\n\n\n<p>Contesting claims and corporate recovery actions.<\/p>\n\n\n\n<p>Bankruptcy-related incidents.<\/p>\n\n\n\n<p>Early settlement.<\/p>\n\n\n\n<p>Pre-insolvency and preventive advice.<\/p>\n\n\n\n<p>Preparation of the strategy and petition for insolvency proceedings.<\/p>\n\n\n\n<p>Directors and managers\u2019 liability.<\/p>","protected":false},"excerpt":{"rendered":"<p>La especializaci\u00f3n en Derecho de insolvencia nos permite acompa\u00f1ar a nuestros clientes en: Asesoramiento en preparaci\u00f3n y formulaci\u00f3n de planes de reestructuraci\u00f3n. Asesoramiento, como acreedores, ante planes de reestructuraci\u00f3n. Asesoramiento en la transmisi\u00f3n y adquisici\u00f3n de Unidades productivas en cualquier fase del procedimiento concursal y preconcursal. Defensa de los derechos de los acreedores. Estudios de [&hellip;]<\/p>","protected":false},"author":1,"featured_media":7710,"parent":0,"menu_order":0,"comment_status":"closed","ping_status":"closed","template":"","meta":{"_acf_changed":false,"footnotes":""},"class_list":["post-8167","page","type-page","status-publish","has-post-thumbnail","hentry"],"acf":[],"_links":{"self":[{"href":"https:\/\/rs-gm.es\/en\/wp-json\/wp\/v2\/pages\/8167","targetHints":{"allow":["GET"]}}],"collection":[{"href":"https:\/\/rs-gm.es\/en\/wp-json\/wp\/v2\/pages"}],"about":[{"href":"https:\/\/rs-gm.es\/en\/wp-json\/wp\/v2\/types\/page"}],"author":[{"embeddable":true,"href":"https:\/\/rs-gm.es\/en\/wp-json\/wp\/v2\/users\/1"}],"replies":[{"embeddable":true,"href":"https:\/\/rs-gm.es\/en\/wp-json\/wp\/v2\/comments?post=8167"}],"version-history":[{"count":2,"href":"https:\/\/rs-gm.es\/en\/wp-json\/wp\/v2\/pages\/8167\/revisions"}],"predecessor-version":[{"id":8320,"href":"https:\/\/rs-gm.es\/en\/wp-json\/wp\/v2\/pages\/8167\/revisions\/8320"}],"wp:featuredmedia":[{"embeddable":true,"href":"https:\/\/rs-gm.es\/en\/wp-json\/wp\/v2\/media\/7710"}],"wp:attachment":[{"href":"https:\/\/rs-gm.es\/en\/wp-json\/wp\/v2\/media?parent=8167"}],"curies":[{"name":"wp","href":"https:\/\/api.w.org\/{rel}","templated":true}]}}