{"id":8169,"date":"2025-10-23T15:38:56","date_gmt":"2025-10-23T15:38:56","guid":{"rendered":"https:\/\/rs-gm.es\/?page_id=8169"},"modified":"2025-10-25T16:30:27","modified_gmt":"2025-10-25T16:30:27","slug":"contratacion-mercantil","status":"publish","type":"page","link":"https:\/\/rs-gm.es\/en\/derecho-de-los-negocios\/contratacion-mercantil\/","title":{"rendered":"Commercial contracts and negotiable instruments"},"content":{"rendered":"<p>Commercial contracts and negotiable instruments<\/p>\n\n\n\n<p>Commercial distribution agreements, agency agreements, franchising agreeements, supply and concession contracts as well as the defence in court of our clients' interests in these kinds of agreements.<\/p>\n\n\n\n<p>Joint venture or joint business agreements.<\/p>\n\n\n\n<p>Bills of exchange, cheques and promissory notes.<\/p>\n\n\n\n<p>Collections proceedings and claims for payment.<\/p>\n\n\n\n<p>Termination of contracts.<\/p>","protected":false},"excerpt":{"rendered":"<p>Contratos de compraventa mercantil. Contratos de distribuci\u00f3n comercial, agencia, franquicia, suministro o concesi\u00f3n, as\u00ed como la defensa de los intereses de nuestros clientes en este tipo de contratos en sede judicial. Contratos de joint venture o negocios conjuntos. Letras de cambio, cheques y pagar\u00e9s. Procesos cambiarios y reclamaci\u00f3n de impagados. Resoluci\u00f3n y rescisi\u00f3n de contratos.<\/p>","protected":false},"author":1,"featured_media":8197,"parent":8145,"menu_order":0,"comment_status":"closed","ping_status":"closed","template":"","meta":{"_acf_changed":false,"footnotes":""},"class_list":["post-8169","page","type-page","status-publish","has-post-thumbnail","hentry"],"acf":[],"_links":{"self":[{"href":"https:\/\/rs-gm.es\/en\/wp-json\/wp\/v2\/pages\/8169","targetHints":{"allow":["GET"]}}],"collection":[{"href":"https:\/\/rs-gm.es\/en\/wp-json\/wp\/v2\/pages"}],"about":[{"href":"https:\/\/rs-gm.es\/en\/wp-json\/wp\/v2\/types\/page"}],"author":[{"embeddable":true,"href":"https:\/\/rs-gm.es\/en\/wp-json\/wp\/v2\/users\/1"}],"replies":[{"embeddable":true,"href":"https:\/\/rs-gm.es\/en\/wp-json\/wp\/v2\/comments?post=8169"}],"version-history":[{"count":1,"href":"https:\/\/rs-gm.es\/en\/wp-json\/wp\/v2\/pages\/8169\/revisions"}],"predecessor-version":[{"id":8170,"href":"https:\/\/rs-gm.es\/en\/wp-json\/wp\/v2\/pages\/8169\/revisions\/8170"}],"up":[{"embeddable":true,"href":"https:\/\/rs-gm.es\/en\/wp-json\/wp\/v2\/pages\/8145"}],"wp:featuredmedia":[{"embeddable":true,"href":"https:\/\/rs-gm.es\/en\/wp-json\/wp\/v2\/media\/8197"}],"wp:attachment":[{"href":"https:\/\/rs-gm.es\/en\/wp-json\/wp\/v2\/media?parent=8169"}],"curies":[{"name":"wp","href":"https:\/\/api.w.org\/{rel}","templated":true}]}}