{"id":8171,"date":"2025-10-23T15:44:19","date_gmt":"2025-10-23T15:44:19","guid":{"rendered":"https:\/\/rs-gm.es\/?page_id=8171"},"modified":"2025-10-25T16:20:21","modified_gmt":"2025-10-25T16:20:21","slug":"derecho-societario","status":"publish","type":"page","link":"https:\/\/rs-gm.es\/en\/derecho-de-los-negocios\/derecho-societario\/","title":{"rendered":"Corporate and commercial law"},"content":{"rendered":"<p>Company secretary duties.<\/p>\n\n\n\n<p>Joint venture agreements.<\/p>\n\n\n\n<p>Shareholders agreements and shareholder syndication agreements.<\/p>\n\n\n\n<p>Acquisition and sale of companies, assets and liabilities, LBOs, MBOs.<\/p>\n\n\n\n<p>Incorporation of companies, groups and company structures.<\/p>\n\n\n\n<p>Winding up and liquidation of companies.<\/p>\n\n\n\n<p>Mergers and company and group split-offs.<\/p>\n\n\n\n<p>Challenging company bylaws.<\/p>\n\n\n\n<p>Directors\u2019 liability.<\/p>\n\n\n\n<p>International transfer of registered offices.<\/p>","protected":false},"excerpt":{"rendered":"<p>Secretaria de sociedades. Acuerdos de joint venture. Acuerdos parasociales y de sindicaci\u00f3n. Adquisiciones y ventas de empresas, activos y pasivos, LBOs, MBOs. Constituci\u00f3n de sociedades, grupos y estructuras societarias. Disoluci\u00f3n y liquidaci\u00f3n de sociedades. Fusiones y escisiones de sociedades y grupos. Impugnaci\u00f3n de acuerdos sociales. Responsabilidad de administradores. Traslado internacional del domicilio.<\/p>","protected":false},"author":1,"featured_media":7747,"parent":8145,"menu_order":0,"comment_status":"closed","ping_status":"closed","template":"","meta":{"_acf_changed":false,"footnotes":""},"class_list":["post-8171","page","type-page","status-publish","has-post-thumbnail","hentry"],"acf":[],"_links":{"self":[{"href":"https:\/\/rs-gm.es\/en\/wp-json\/wp\/v2\/pages\/8171","targetHints":{"allow":["GET"]}}],"collection":[{"href":"https:\/\/rs-gm.es\/en\/wp-json\/wp\/v2\/pages"}],"about":[{"href":"https:\/\/rs-gm.es\/en\/wp-json\/wp\/v2\/types\/page"}],"author":[{"embeddable":true,"href":"https:\/\/rs-gm.es\/en\/wp-json\/wp\/v2\/users\/1"}],"replies":[{"embeddable":true,"href":"https:\/\/rs-gm.es\/en\/wp-json\/wp\/v2\/comments?post=8171"}],"version-history":[{"count":1,"href":"https:\/\/rs-gm.es\/en\/wp-json\/wp\/v2\/pages\/8171\/revisions"}],"predecessor-version":[{"id":8172,"href":"https:\/\/rs-gm.es\/en\/wp-json\/wp\/v2\/pages\/8171\/revisions\/8172"}],"up":[{"embeddable":true,"href":"https:\/\/rs-gm.es\/en\/wp-json\/wp\/v2\/pages\/8145"}],"wp:featuredmedia":[{"embeddable":true,"href":"https:\/\/rs-gm.es\/en\/wp-json\/wp\/v2\/media\/7747"}],"wp:attachment":[{"href":"https:\/\/rs-gm.es\/en\/wp-json\/wp\/v2\/media?parent=8171"}],"curies":[{"name":"wp","href":"https:\/\/api.w.org\/{rel}","templated":true}]}}